{"id":377,"date":"2023-03-22T11:34:17","date_gmt":"2023-03-22T11:34:17","guid":{"rendered":"https:\/\/shinzo.nl\/?post_type=product&#038;p=377"},"modified":"2026-01-02T08:12:24","modified_gmt":"2026-01-02T08:12:24","slug":"vegan-deluxe-mix","status":"publish","type":"product","link":"https:\/\/shinzo.nl\/en\/winkel\/menus\/vegan-deluxe-mix\/","title":{"rendered":"Vegan Deluxe Mix"},"content":{"rendered":"<p>21 of 42 stuks veganistische gerechten.<\/p>\n<p><span id=\"more-121\"><\/span>In ons restaurant hebben we ook aandacht voor veganistische gerechten. Thuis is daar ook zeker zo goed van te genieten, dus zitten deze gerechten in \u00e9\u00e9n deluxe mix. Samengesteld voor \u00e9\u00e9n of twee personen.<\/p>\n<p>3\/6 Maki Lemon \u2018Ebi\u2019 (veganistische &#8216;garnaal&#8217;, komkommer)<\/p>\n<p>3\/6 Maki Spicy\u2018Tuna\u2019 (veganistische &#8216;tonijn&#8217;. avocado, crispy knoflook, sojabonen)<\/p>\n<p>3\/6 \u2018Sake\u2019 Mango (onder andere veganistische &#8216;zalm&#8217; en mango)<\/p>\n<p>2\/4 Nigiri Inari (tofu)<\/p>\n<p>2\/4 Nigiri Avocado (avocado)<\/p>\n<p>4\/8 Maki Wakame (zeewier)<\/p>\n<p>4\/8 Maki Kappa (komkommer)<\/p>","protected":false},"excerpt":{"rendered":"<p>selection for 1 or 2 persons<\/p>","protected":false},"featured_media":380,"template":"","meta":[],"product_brand":[],"product_cat":[40],"product_tag":[],"class_list":{"0":"post-377","1":"product","2":"type-product","3":"status-publish","4":"has-post-thumbnail","6":"product_cat-menus","8":"first","9":"instock","10":"taxable","11":"shipping-taxable","12":"purchasable","13":"product-type-variable"},"_links":{"self":[{"href":"https:\/\/shinzo.nl\/en\/wp-json\/wp\/v2\/product\/377","targetHints":{"allow":["GET"]}}],"collection":[{"href":"https:\/\/shinzo.nl\/en\/wp-json\/wp\/v2\/product"}],"about":[{"href":"https:\/\/shinzo.nl\/en\/wp-json\/wp\/v2\/types\/product"}],"wp:featuredmedia":[{"embeddable":true,"href":"https:\/\/shinzo.nl\/en\/wp-json\/wp\/v2\/media\/380"}],"wp:attachment":[{"href":"https:\/\/shinzo.nl\/en\/wp-json\/wp\/v2\/media?parent=377"}],"wp:term":[{"taxonomy":"product_brand","embeddable":true,"href":"https:\/\/shinzo.nl\/en\/wp-json\/wp\/v2\/product_brand?post=377"},{"taxonomy":"product_cat","embeddable":true,"href":"https:\/\/shinzo.nl\/en\/wp-json\/wp\/v2\/product_cat?post=377"},{"taxonomy":"product_tag","embeddable":true,"href":"https:\/\/shinzo.nl\/en\/wp-json\/wp\/v2\/product_tag?post=377"}],"curies":[{"name":"wp","href":"https:\/\/api.w.org\/{rel}","templated":true}]}}